{"id":9084,"date":"2022-10-27T11:01:22","date_gmt":"2022-10-27T07:01:22","guid":{"rendered":"https:\/\/itaca.ae\/it\/?page_id=9084"},"modified":"2025-08-01T00:16:08","modified_gmt":"2025-07-31T20:16:08","slug":"produzioni-teatrali-itaca","status":"publish","type":"page","link":"https:\/\/itaca.ae\/it\/produzioni-teatrali-itaca\/","title":{"rendered":"Produzioni Teatrali ITACA"},"content":{"rendered":"\t\t<div data-elementor-type=\"wp-page\" data-elementor-id=\"9084\" class=\"elementor elementor-9084\" data-elementor-post-type=\"page\">\n\t\t\t\t\t\t<section class=\"elementor-section elementor-top-section elementor-element elementor-element-91b08e1 elementor-section-full_width elementor-section-height-min-height elementor-section-stretched elementor-section-height-default elementor-section-items-middle\" data-id=\"91b08e1\" data-element_type=\"section\" data-settings=\"{&quot;stretch_section&quot;:&quot;section-stretched&quot;,&quot;background_background&quot;:&quot;classic&quot;,&quot;shape_divider_top&quot;:&quot;waves&quot;,&quot;shape_divider_top_negative&quot;:&quot;yes&quot;}\">\n\t\t\t\t\t\t\t<div class=\"elementor-background-overlay\"><\/div>\n\t\t\t\t\t\t<div class=\"elementor-shape elementor-shape-top\" data-negative=\"true\">\n\t\t\t<svg xmlns=\"http:\/\/www.w3.org\/2000\/svg\" viewBox=\"0 0 1000 100\" preserveAspectRatio=\"none\">\n\t<path class=\"elementor-shape-fill\" d=\"M790.5,93.1c-59.3-5.3-116.8-18-192.6-50c-29.6-12.7-76.9-31-100.5-35.9c-23.6-4.9-52.6-7.8-75.5-5.3\n\tc-10.2,1.1-22.6,1.4-50.1,7.4c-27.2,6.3-58.2,16.6-79.4,24.7c-41.3,15.9-94.9,21.9-134,22.6C72,58.2,0,25.8,0,25.8V100h1000V65.3\n\tc0,0-51.5,19.4-106.2,25.7C839.5,97,814.1,95.2,790.5,93.1z\"\/>\n<\/svg>\t\t<\/div>\n\t\t\t\t\t<div class=\"elementor-container elementor-column-gap-default\">\n\t\t\t\t\t<div class=\"elementor-column elementor-col-100 elementor-top-column elementor-element elementor-element-5b2d302\" data-id=\"5b2d302\" data-element_type=\"column\">\n\t\t\t<div class=\"elementor-widget-wrap elementor-element-populated\">\n\t\t\t\t\t\t\t<\/div>\n\t\t<\/div>\n\t\t\t\t\t<\/div>\n\t\t<\/section>\n\t\t\t\t<section class=\"elementor-section elementor-top-section elementor-element elementor-element-7a41fda elementor-section-boxed elementor-section-height-default elementor-section-height-default\" data-id=\"7a41fda\" data-element_type=\"section\">\n\t\t\t\t\t\t<div class=\"elementor-container elementor-column-gap-default\">\n\t\t\t\t\t<div class=\"elementor-column elementor-col-50 elementor-top-column elementor-element elementor-element-c20c9f4\" data-id=\"c20c9f4\" data-element_type=\"column\">\n\t\t\t<div class=\"elementor-widget-wrap elementor-element-populated\">\n\t\t\t\t\t\t<div class=\"elementor-element elementor-element-5c0aca8 elementor-widget elementor-widget-text-editor\" data-id=\"5c0aca8\" data-element_type=\"widget\" data-widget_type=\"text-editor.default\">\n\t\t\t\t<div class=\"elementor-widget-container\">\n\t\t\t<style>\/*! elementor - v3.23.0 - 05-08-2024 *\/\n.elementor-widget-text-editor.elementor-drop-cap-view-stacked .elementor-drop-cap{background-color:#69727d;color:#fff}.elementor-widget-text-editor.elementor-drop-cap-view-framed .elementor-drop-cap{color:#69727d;border:3px solid;background-color:transparent}.elementor-widget-text-editor:not(.elementor-drop-cap-view-default) .elementor-drop-cap{margin-top:8px}.elementor-widget-text-editor:not(.elementor-drop-cap-view-default) .elementor-drop-cap-letter{width:1em;height:1em}.elementor-widget-text-editor .elementor-drop-cap{float:left;text-align:center;line-height:1;font-size:50px}.elementor-widget-text-editor .elementor-drop-cap-letter{display:inline-block}<\/style>\t\t\t\t<p>ITACA \u00e8 una compagnia teatrale dinamica che unisce attori professionisti e i suoi studenti pi\u00f9 talentuosi e appassionati per creare produzioni di alta qualit\u00e0. Come vivace centro di collaborazione artistica, ITACA mette in contatto ballerini, cantanti e attori internazionali, favorendo un ricco scambio creativo. Collaboriamo inoltre con compagnie teatrali italiane ed internazionali, lavorando alla realizzazione di festival teatrali a Dubai e negli Emirati.<br \/>Le nostre produzioni affondano le radici nel teatro italiano, attingendo sia dalla letteratura contemporanea che da quella classica per condividere il patrimonio culturale italiano con la comunit\u00e0 internazionale negli EAU.<\/p>\t\t\t\t\t\t<\/div>\n\t\t\t\t<\/div>\n\t\t\t\t\t<\/div>\n\t\t<\/div>\n\t\t\t\t<div class=\"elementor-column elementor-col-50 elementor-top-column elementor-element elementor-element-3154934\" data-id=\"3154934\" data-element_type=\"column\">\n\t\t\t<div class=\"elementor-widget-wrap elementor-element-populated\">\n\t\t\t\t\t\t<div class=\"elementor-element elementor-element-129efe6 elementor-widget elementor-widget-image\" data-id=\"129efe6\" data-element_type=\"widget\" data-widget_type=\"image.default\">\n\t\t\t\t<div class=\"elementor-widget-container\">\n\t\t\t<style>\/*! elementor - v3.23.0 - 05-08-2024 *\/\n.elementor-widget-image{text-align:center}.elementor-widget-image a{display:inline-block}.elementor-widget-image a img[src$=\".svg\"]{width:48px}.elementor-widget-image img{vertical-align:middle;display:inline-block}<\/style>\t\t\t\t\t\t\t\t\t\t<img fetchpriority=\"high\" decoding=\"async\" width=\"1139\" height=\"855\" src=\"https:\/\/itaca.ae\/it\/wp-content\/uploads\/2025\/07\/Picture3.jpg\" class=\"attachment-full size-full wp-image-9375\" alt=\"\" srcset=\"https:\/\/itaca.ae\/it\/wp-content\/uploads\/2025\/07\/Picture3.jpg 1139w, https:\/\/itaca.ae\/it\/wp-content\/uploads\/2025\/07\/Picture3-300x225.jpg 300w, https:\/\/itaca.ae\/it\/wp-content\/uploads\/2025\/07\/Picture3-1024x769.jpg 1024w, https:\/\/itaca.ae\/it\/wp-content\/uploads\/2025\/07\/Picture3-768x577.jpg 768w, https:\/\/itaca.ae\/it\/wp-content\/uploads\/2025\/07\/Picture3-600x450.jpg 600w\" sizes=\"(max-width: 1139px) 100vw, 1139px\" \/>\t\t\t\t\t\t\t\t\t\t\t\t\t<\/div>\n\t\t\t\t<\/div>\n\t\t\t\t\t<\/div>\n\t\t<\/div>\n\t\t\t\t\t<\/div>\n\t\t<\/section>\n\t\t\t\t<section class=\"elementor-section elementor-top-section elementor-element elementor-element-3c9e844 elementor-section-boxed elementor-section-height-default elementor-section-height-default\" data-id=\"3c9e844\" data-element_type=\"section\">\n\t\t\t\t\t\t<div class=\"elementor-container elementor-column-gap-default\">\n\t\t\t\t\t<div class=\"elementor-column elementor-col-50 elementor-top-column elementor-element elementor-element-06238f4\" data-id=\"06238f4\" data-element_type=\"column\">\n\t\t\t<div class=\"elementor-widget-wrap elementor-element-populated\">\n\t\t\t\t\t\t<div class=\"elementor-element elementor-element-ec8f416 elementor-widget elementor-widget-image\" data-id=\"ec8f416\" data-element_type=\"widget\" data-widget_type=\"image.default\">\n\t\t\t\t<div class=\"elementor-widget-container\">\n\t\t\t\t\t\t\t\t\t\t\t\t\t<img decoding=\"async\" width=\"800\" height=\"533\" src=\"https:\/\/itaca.ae\/it\/wp-content\/uploads\/2022\/08\/t2.jpg\" class=\"attachment-full size-full wp-image-8653\" alt=\"\" srcset=\"https:\/\/itaca.ae\/it\/wp-content\/uploads\/2022\/08\/t2.jpg 800w, https:\/\/itaca.ae\/it\/wp-content\/uploads\/2022\/08\/t2-300x200.jpg 300w, https:\/\/itaca.ae\/it\/wp-content\/uploads\/2022\/08\/t2-768x512.jpg 768w, https:\/\/itaca.ae\/it\/wp-content\/uploads\/2022\/08\/t2-600x400.jpg 600w\" sizes=\"(max-width: 800px) 100vw, 800px\" \/>\t\t\t\t\t\t\t\t\t\t\t\t\t<\/div>\n\t\t\t\t<\/div>\n\t\t\t\t\t<\/div>\n\t\t<\/div>\n\t\t\t\t<div class=\"elementor-column elementor-col-50 elementor-top-column elementor-element elementor-element-07814ff\" data-id=\"07814ff\" data-element_type=\"column\">\n\t\t\t<div class=\"elementor-widget-wrap elementor-element-populated\">\n\t\t\t\t\t\t<div class=\"elementor-element elementor-element-56176f0 elementor-widget elementor-widget-text-editor\" data-id=\"56176f0\" data-element_type=\"widget\" data-widget_type=\"text-editor.default\">\n\t\t\t\t<div class=\"elementor-widget-container\">\n\t\t\t\t\t\t\t<p>Il percorso di ITACA \u00e8 iniziato con \u00abQuello che le donne non dicono\u00bb, una riadattamento della commedia \u00abDue Partite\u00bb di Cristina Comencini. Da allora, abbiamo messo in scena produzioni acclamate come \u00abFarfalle\u00bb di Emanuele Aldrovandi, \u00abPerfetti Sconosciuti\u00bb di Paolo Genovese, \u00abLa Locandiera\u00bb di Carlo Goldoni e \u00abCarnage\u00bb di Yasmina Reza. ITACA ha inoltre partecipato al festival Short+Sweet di Dubai presso The Junction, presentando corti teatrali in italiano e in inglese.<br \/>Il nostro repertorio spazia dai grandi classici ai testi contemporanei, fondendo dramma e commedia per coinvolgere ed ispirare il pubblico<\/p><p>\u00a0<\/p>\t\t\t\t\t\t<\/div>\n\t\t\t\t<\/div>\n\t\t\t\t\t<\/div>\n\t\t<\/div>\n\t\t\t\t\t<\/div>\n\t\t<\/section>\n\t\t\t\t<\/div>\n\t\t","protected":false},"excerpt":{"rendered":"<p>ITACA \u00e8 una compagnia teatrale dinamica che unisce attori professionisti e i suoi studenti pi\u00f9 talentuosi e appassionati per creare produzioni di alta qualit\u00e0. Come vivace centro di collaborazione artistica, ITACA mette in contatto ballerini, cantanti e attori internazionali, favorendo un ricco scambio creativo. Collaboriamo [&hellip;]<\/p>\n","protected":false},"author":1,"featured_media":0,"parent":0,"menu_order":0,"comment_status":"closed","ping_status":"closed","template":"","meta":{"footnotes":""},"class_list":["post-9084","page","type-page","status-publish","hentry"],"_links":{"self":[{"href":"https:\/\/itaca.ae\/it\/wp-json\/wp\/v2\/pages\/9084","targetHints":{"allow":["GET"]}}],"collection":[{"href":"https:\/\/itaca.ae\/it\/wp-json\/wp\/v2\/pages"}],"about":[{"href":"https:\/\/itaca.ae\/it\/wp-json\/wp\/v2\/types\/page"}],"author":[{"embeddable":true,"href":"https:\/\/itaca.ae\/it\/wp-json\/wp\/v2\/users\/1"}],"replies":[{"embeddable":true,"href":"https:\/\/itaca.ae\/it\/wp-json\/wp\/v2\/comments?post=9084"}],"version-history":[{"count":23,"href":"https:\/\/itaca.ae\/it\/wp-json\/wp\/v2\/pages\/9084\/revisions"}],"predecessor-version":[{"id":9642,"href":"https:\/\/itaca.ae\/it\/wp-json\/wp\/v2\/pages\/9084\/revisions\/9642"}],"wp:attachment":[{"href":"https:\/\/itaca.ae\/it\/wp-json\/wp\/v2\/media?parent=9084"}],"curies":[{"name":"wp","href":"https:\/\/api.w.org\/{rel}","templated":true}]}}